{"id":3,"date":"2023-12-20T15:17:32","date_gmt":"2023-12-20T14:17:32","guid":{"rendered":"https:\/\/aheadbrands.io\/?page_id=3"},"modified":"2024-03-25T18:56:05","modified_gmt":"2024-03-25T17:56:05","slug":"politica-privacidad","status":"publish","type":"page","link":"https:\/\/aheadbrands.io\/index.php\/politica-privacidad\/","title":{"rendered":"Pol\u00edtica de privacidad"},"content":{"rendered":"<p>[et_pb_section fb_built=&#8221;1&#8243; admin_label=&#8221;section&#8221; _builder_version=&#8221;4.24.2&#8243; custom_padding=&#8221;224px||||false|false&#8221; global_colors_info=&#8221;{}&#8221;][et_pb_row admin_label=&#8221;row&#8221; _builder_version=&#8221;4.24.2&#8243; background_size=&#8221;initial&#8221; background_position=&#8221;top_left&#8221; background_repeat=&#8221;repeat&#8221; width=&#8221;100%&#8221; max_width=&#8221;1250px&#8221; global_colors_info=&#8221;{}&#8221;][et_pb_column type=&#8221;4_4&#8243; _builder_version=&#8221;4.16&#8243; custom_padding=&#8221;|||&#8221; global_colors_info=&#8221;{}&#8221; custom_padding__hover=&#8221;|||&#8221;][et_pb_text _builder_version=&#8221;4.24.2&#8243; _module_preset=&#8221;default&#8221; text_font_size=&#8221;18px&#8221; global_colors_info=&#8221;{}&#8221;]<\/p>\n<p>Ahead Industries SA de CV, known as Ahead Brands, with address at La Guaira street 2904 Int 2, Colomos Providencia neighborhood, Guadalajara city, municipality or delegation Guadalajara, postal code 44660, in the state of Jalisco, country Mexico, and website <a href=\"https:\/\/aheadbrands.io\/\">https:\/\/aheadbrands.io<\/a>\u00a0is responsible for the use and protection of your personal data, and in this regard we inform you of the following:<\/p>\n<p>For what purposes will we use your personal data?<\/p>\n<p>Additionally, we will use your personal information for the following secondary purposes that are not necessary for the requested service, but that allow us and facilitate providing you with better attention:<\/p>\n<p>\u2022 To add you to our customer database \u2022 To send you timely information about our services and promotions \u2022 For digital marketing campaigns via email \u2022 Creation of contact databases \u2022 Obtaining information to contact prospective clients \u2022 Selling professional consulting services \u2022 Receiving information about products and services offered by the client \u2022 To send quotes for services \u2022 To verify identity \u2022 Marketing or advertising \u2022 Commercial prospecting<\/p>\n<p>If you do not wish for your personal data to be processed for these secondary purposes, you can communicate this to us at any time through the following mechanism:<\/p>\n<p><a target=\"_new\" rel=\"noopener\">contact@ahead.mx<\/a><\/p>\n<p>Refusal to use your personal data for these purposes cannot be a reason for us to deny the services and products you request or contract with us.<\/p>\n<p>What personal data will we use for these purposes?<\/p>\n<p>To carry out the purposes described in this privacy notice, we will use the following personal data:<\/p>\n<p>\u2022 Name \u2022 Nationality \u2022 Home phone \u2022 Cell phone \u2022 Email \u2022 Position or role performed \u2022 Institutional email \u2022 Institutional phone \u2022 Identification data \u2022 Contact information \u2022 Employment data<\/p>\n<p>How can you access, rectify, or cancel your personal data, or oppose its use?<\/p>\n<p>You have the right to know what personal data we have about you, what we use it for, and the conditions of use we give it (Access). Likewise, it is your right to request the correction of your personal information in case it is outdated, inaccurate, or incomplete (Rectification); that we delete it from our records or databases when you consider that it is not being used properly (Cancellation); as well as to oppose the use of your personal data for specific purposes (Opposition). These rights are known as ARCO rights.<\/p>\n<p>To exercise any of the ARCO rights, you must submit the respective request through the following means:<\/p>\n<p><a target=\"_new\" rel=\"noopener\">contact@ahead.mx<\/a><\/p>\n<p>To know the procedure and requirements for the exercise of ARCO rights, we make available the following means:<\/p>\n<p><a target=\"_new\" rel=\"noopener\">contact@ahead.mx<\/a><\/p>\n<p>The contact information of the person or department of personal data, which is responsible for processing ARCO rights requests, is as follows:<\/p>\n<p>a) Name of the person or department of personal data: Data Protection. b) Address: La Guaira street 2904 Int 2, Colomos Providencia neighborhood, Guadalajara city, municipality or delegation Guadalajara, postal code 44660, in the state of Jalisco, country Mexico c) Email: <a target=\"_new\" rel=\"noopener\">contact@ahead.mx<\/a> d) Phone number: 3335041537<\/p>\n<p>You can revoke your consent for the use of your personal data<\/p>\n<p>You can revoke the consent that, if applicable, you have granted us for the processing of your personal data. However, it is important to note that not in all cases we will be able to attend your request or conclude the use immediately, since it is possible that due to a legal obligation we need to continue treating your personal data. Likewise, you must consider that for certain purposes, the revocation of your consent will imply that we cannot continue to provide the service you requested from us, or the conclusion of your relationship with us.<\/p>\n<p>To revoke your consent, you must submit your request through the following means:<\/p>\n<p><a target=\"_new\" rel=\"noopener\">contact@ahead.mx<\/a><\/p>\n<p>To know the procedure and requirements for revoking consent, we make available the following means:<\/p>\n<p><a target=\"_new\" rel=\"noopener\">contact@ahead.mx<\/a><\/p>\n<p>How can you limit the use or disclosure of your personal information?<\/p>\n<p>In order for you to limit the use and disclosure of your personal information, we offer you the following means:<\/p>\n<p><a target=\"_new\" rel=\"noopener\">contact@ahead.mx<\/a><\/p>\n<p>Additionally, we inform you that we have the following exclusion lists, in which you can register so that your personal data is not processed for certain purposes:<\/p>\n<p>List name Purposes for which it applies Medium to obtain more information Email exclusion Stop email sending <a target=\"_new\" rel=\"noopener\">contact@ahead.mx<\/a> Cookie exclusion Stop Re-Marketing campaigns <a target=\"_new\" rel=\"noopener\">contact@ahead.mx<\/a> Advertising exclusion Stop advertising <a target=\"_new\" rel=\"noopener\">contact@ahead.mx<\/a><\/p>\n<p>The use of tracking technologies on our website<\/p>\n<p>We inform you that on our website we use cookies, web beacons, or other technologies, through which it is possible to monitor your behavior as an internet user, as well as provide you with better service and experience when browsing our site. The personal data that we collect through these tracking technologies will be used for the following purposes:<\/p>\n<p>Analysis of business opportunities<\/p>\n<p>The personal data that we obtain from these tracking technologies are as follows:<\/p>\n<p>Identifiers, username, and session passwords User&#8217;s preferred language Region where the user is located User&#8217;s browser type User&#8217;s operating system type Date and time of the start and end of a user&#8217;s session Web pages visited by a user Searches made by a user Advertising reviewed by a user Lists and consumption habits on shopping pages<\/p>\n<p>How can you know the changes in this privacy notice?<\/p>\n<p>This privacy notice may undergo modifications, changes, or updates derived from new legal requirements; our own needs for the products or services we offer; our privacy practices; changes in our business model, or for other reasons.<\/p>\n<p>We undertake to keep you informed about the changes that may occur in this privacy notice, through: <a target=\"_new\" rel=\"noopener\">contact@ahead.mx<\/a>.<\/p>\n<p>The procedure through which notifications about changes or updates to this privacy notice will be made is as follows:\u00a0<\/p>\n<p><a href=\"https:\/\/aheadbrands.io\/\">https:\/\/aheadbrands.io\/<\/a>\u00a0<\/p>\n<p>[\/et_pb_text][\/et_pb_column][\/et_pb_row][\/et_pb_section]<\/p>\n","protected":false},"excerpt":{"rendered":"<p>Ahead Industries SA de CV, known as Ahead Brands, with address at La Guaira street 2904 Int 2, Colomos Providencia neighborhood, Guadalajara city, municipality or delegation Guadalajara, postal code 44660, in the state of Jalisco, country Mexico, and website https:\/\/aheadbrands.io\u00a0is responsible for the use and protection of your personal data, and in this regard we [&hellip;]<\/p>\n","protected":false},"author":1,"featured_media":0,"parent":0,"menu_order":0,"comment_status":"closed","ping_status":"open","template":"","meta":{"_et_pb_use_builder":"on","_et_pb_old_content":"<!-- wp:heading --><h2>Qui\u00e9nes somos<\/h2><!-- \/wp:heading --><!-- wp:paragraph --><p><strong class=\"privacy-policy-tutorial\">Texto sugerido: <\/strong>La direcci\u00f3n de nuestra web es: https:\/\/aheadbrands.io.<\/p><!-- \/wp:paragraph --><!-- wp:heading --><h2>Comentarios<\/h2><!-- \/wp:heading --><!-- wp:paragraph --><p><strong class=\"privacy-policy-tutorial\">Texto sugerido: <\/strong>Cuando los visitantes dejan comentarios en la web, recopilamos los datos que se muestran en el formulario de comentarios, as\u00ed como la direcci\u00f3n IP del visitante y la cadena de agentes de usuario del navegador para ayudar a la detecci\u00f3n de spam.<\/p><!-- \/wp:paragraph --><!-- wp:paragraph --><p>Una cadena an\u00f3nima creada a partir de tu direcci\u00f3n de correo electr\u00f3nico (tambi\u00e9n llamada hash) puede ser proporcionada al servicio de Gravatar para ver si la est\u00e1s usando. La pol\u00edtica de privacidad del servicio Gravatar est\u00e1 disponible aqu\u00ed: https:\/\/automattic.com\/privacy\/. Despu\u00e9s de la aprobaci\u00f3n de tu comentario, la imagen de tu perfil es visible para el p\u00fablico en el contexto de tu comentario.<\/p><!-- \/wp:paragraph --><!-- wp:heading --><h2>Medios<\/h2><!-- \/wp:heading --><!-- wp:paragraph --><p><strong class=\"privacy-policy-tutorial\">Texto sugerido: <\/strong>Si subes im\u00e1genes a la web, deber\u00edas evitar subir im\u00e1genes con datos de ubicaci\u00f3n (GPS EXIF) incluidos. Los visitantes de la web pueden descargar y extraer cualquier dato de ubicaci\u00f3n de las im\u00e1genes de la web.<\/p><!-- \/wp:paragraph --><!-- wp:heading --><h2>Cookies<\/h2><!-- \/wp:heading --><!-- wp:paragraph --><p><strong class=\"privacy-policy-tutorial\">Texto sugerido: <\/strong>Si dejas un comentario en nuestro sitio puedes elegir guardar tu nombre, direcci\u00f3n de correo electr\u00f3nico y web en cookies. Esto es para tu comodidad, para que no tengas que volver a rellenar tus datos cuando dejes otro comentario. Estas cookies tendr\u00e1n una duraci\u00f3n de un a\u00f1o.<\/p><!-- \/wp:paragraph --><!-- wp:paragraph --><p>Si tienes una cuenta y te conectas a este sitio, instalaremos una cookie temporal para determinar si tu navegador acepta cookies. Esta cookie no contiene datos personales y se elimina al cerrar el navegador.<\/p><!-- \/wp:paragraph --><!-- wp:paragraph --><p>Cuando accedas, tambi\u00e9n instalaremos varias cookies para guardar tu informaci\u00f3n de acceso y tus opciones de visualizaci\u00f3n de pantalla. Las cookies de acceso duran dos d\u00edas, y las cookies de opciones de pantalla duran un a\u00f1o. Si seleccionas \u00abRecu\u00e9rdarme\u00bb, tu acceso perdurar\u00e1 durante dos semanas. Si sales de tu cuenta, las cookies de acceso se eliminar\u00e1n.<\/p><!-- \/wp:paragraph --><!-- wp:paragraph --><p>Si editas o publicas un art\u00edculo se guardar\u00e1 una cookie adicional en tu navegador. Esta cookie no incluye datos personales y simplemente indica el ID del art\u00edculo que acabas de editar. Caduca despu\u00e9s de 1 d\u00eda.<\/p><!-- \/wp:paragraph --><!-- wp:heading --><h2>Contenido incrustado de otros sitios web<\/h2><!-- \/wp:heading --><!-- wp:paragraph --><p><strong class=\"privacy-policy-tutorial\">Texto sugerido: <\/strong>Los art\u00edculos de este sitio pueden incluir contenido incrustado (por ejemplo, v\u00eddeos, im\u00e1genes, art\u00edculos, etc.). El contenido incrustado de otras webs se comporta exactamente de la misma manera que si el visitante hubiera visitado la otra web.<\/p><!-- \/wp:paragraph --><!-- wp:paragraph --><p>Estas web pueden recopilar datos sobre ti, utilizar cookies, incrustar un seguimiento adicional de terceros, y supervisar tu interacci\u00f3n con ese contenido incrustado, incluido el seguimiento de tu interacci\u00f3n con el contenido incrustado si tienes una cuenta y est\u00e1s conectado a esa web.<\/p><!-- \/wp:paragraph --><!-- wp:heading --><h2>Con qui\u00e9n compartimos tus datos<\/h2><!-- \/wp:heading --><!-- wp:paragraph --><p><strong class=\"privacy-policy-tutorial\">Texto sugerido: <\/strong>Si solicitas un restablecimiento de contrase\u00f1a, tu direcci\u00f3n IP ser\u00e1 incluida en el correo electr\u00f3nico de restablecimiento.<\/p><!-- \/wp:paragraph --><!-- wp:heading --><h2>Cu\u00e1nto tiempo conservamos tus datos<\/h2><!-- \/wp:heading --><!-- wp:paragraph --><p><strong class=\"privacy-policy-tutorial\">Texto sugerido: <\/strong>Si dejas un comentario, el comentario y sus metadatos se conservan indefinidamente. Esto es para que podamos reconocer y aprobar comentarios sucesivos autom\u00e1ticamente, en lugar de mantenerlos en una cola de moderaci\u00f3n.<\/p><!-- \/wp:paragraph --><!-- wp:paragraph --><p>De los usuarios que se registran en nuestra web (si los hay), tambi\u00e9n almacenamos la informaci\u00f3n personal que proporcionan en su perfil de usuario. Todos los usuarios pueden ver, editar o eliminar su informaci\u00f3n personal en cualquier momento (excepto que no pueden cambiar su nombre de usuario). Los administradores de la web tambi\u00e9n pueden ver y editar esa informaci\u00f3n.<\/p><!-- \/wp:paragraph --><!-- wp:heading --><h2>Qu\u00e9 derechos tienes sobre tus datos<\/h2><!-- \/wp:heading --><!-- wp:paragraph --><p><strong class=\"privacy-policy-tutorial\">Texto sugerido: <\/strong>Si tienes una cuenta o has dejado comentarios en esta web, puedes solicitar recibir un archivo de exportaci\u00f3n de los datos personales que tenemos sobre ti, incluyendo cualquier dato que nos hayas proporcionado. Tambi\u00e9n puedes solicitar que eliminemos cualquier dato personal que tengamos sobre ti. Esto no incluye ning\u00fan dato que estemos obligados a conservar con fines administrativos, legales o de seguridad.<\/p><!-- \/wp:paragraph --><!-- wp:heading --><h2>D\u00f3nde se env\u00edan tus datos<\/h2><!-- \/wp:heading --><!-- wp:paragraph --><p><strong class=\"privacy-policy-tutorial\">Texto sugerido: <\/strong>Los comentarios de los visitantes puede que los revise un servicio de detecci\u00f3n autom\u00e1tica de spam.<\/p><!-- \/wp:paragraph -->","_et_gb_content_width":"","footnotes":""},"class_list":["post-3","page","type-page","status-publish","hentry"],"_links":{"self":[{"href":"https:\/\/aheadbrands.io\/index.php\/wp-json\/wp\/v2\/pages\/3","targetHints":{"allow":["GET"]}}],"collection":[{"href":"https:\/\/aheadbrands.io\/index.php\/wp-json\/wp\/v2\/pages"}],"about":[{"href":"https:\/\/aheadbrands.io\/index.php\/wp-json\/wp\/v2\/types\/page"}],"author":[{"embeddable":true,"href":"https:\/\/aheadbrands.io\/index.php\/wp-json\/wp\/v2\/users\/1"}],"replies":[{"embeddable":true,"href":"https:\/\/aheadbrands.io\/index.php\/wp-json\/wp\/v2\/comments?post=3"}],"version-history":[{"count":3,"href":"https:\/\/aheadbrands.io\/index.php\/wp-json\/wp\/v2\/pages\/3\/revisions"}],"predecessor-version":[{"id":256772,"href":"https:\/\/aheadbrands.io\/index.php\/wp-json\/wp\/v2\/pages\/3\/revisions\/256772"}],"wp:attachment":[{"href":"https:\/\/aheadbrands.io\/index.php\/wp-json\/wp\/v2\/media?parent=3"}],"curies":[{"name":"wp","href":"https:\/\/api.w.org\/{rel}","templated":true}]}}